{"id":342,"date":"2022-02-18T09:27:02","date_gmt":"2022-02-18T08:27:02","guid":{"rendered":"https:\/\/surf.win-fun.ch\/contact\/"},"modified":"2022-03-22T15:14:34","modified_gmt":"2022-03-22T14:14:34","slug":"contact","status":"publish","type":"page","link":"https:\/\/www.surfing.brandneu.ch\/fr\/contact\/","title":{"rendered":"Contact"},"content":{"rendered":"\n<h1 class=\"wp-block-heading\" id=\"kontakt\">Contact<\/h1>\n\n<p class=\"has-text-align-center\">Tu as des questions sur cette op\u00e9ration promotionnelle Knoppers ou sur le prix que tu as gagn\u00e9? Pas de probl\u00e8me!<\/p>\n\n<p class=\"has-text-align-center\">Envoie-nous un e-mail \u00e0 l\u2019adresse suivante: <a href=\"mailto:info@ch.storck.com\">info@ch.storck.com<\/a><\/p>\n","protected":false},"excerpt":{"rendered":"<p>Contact Tu as des questions sur cette op\u00e9ration promotionnelle Knoppers ou sur le prix que tu as gagn\u00e9? Pas de probl\u00e8me! Envoie-nous un e-mail \u00e0 l\u2019adresse suivante: info@ch.storck.com<\/p>\n","protected":false},"author":1,"featured_media":0,"parent":0,"menu_order":0,"comment_status":"closed","ping_status":"closed","template":"","meta":{"footnotes":""},"acf":[],"yoast_head":"<!-- This site is optimized with the Yoast SEO plugin v21.5 - https:\/\/yoast.com\/wordpress\/plugins\/seo\/ -->\n<title>Contact - Knoppers Surf &amp; Win<\/title>\n<meta name=\"robots\" content=\"noindex, follow, max-snippet:-1, max-image-preview:large, max-video-preview:-1\" \/>\n<meta property=\"og:locale\" content=\"fr_FR\" \/>\n<meta property=\"og:type\" content=\"article\" \/>\n<meta property=\"og:title\" content=\"Contact - Knoppers Surf &amp; Win\" \/>\n<meta property=\"og:description\" content=\"Contact Tu as des questions sur cette op\u00e9ration promotionnelle Knoppers ou sur le prix que tu as gagn\u00e9? Pas de probl\u00e8me! Envoie-nous un e-mail \u00e0 l\u2019adresse suivante: info@ch.storck.com\" \/>\n<meta property=\"og:url\" content=\"https:\/\/www.surfing.brandneu.ch\/fr\/contact\/\" \/>\n<meta property=\"og:site_name\" content=\"Knoppers Surf &amp; Win\" \/>\n<meta property=\"article:modified_time\" content=\"2022-03-22T14:14:34+00:00\" \/>\n<meta property=\"og:image\" content=\"https:\/\/www.surfing.brandneu.ch\/wp-content\/uploads\/2022\/02\/0002_0547_1200x630e-scaled.jpg\" \/>\n\t<meta property=\"og:image:width\" content=\"2560\" \/>\n\t<meta property=\"og:image:height\" content=\"1345\" \/>\n\t<meta property=\"og:image:type\" content=\"image\/jpeg\" \/>\n<meta name=\"twitter:card\" content=\"summary_large_image\" \/>\n<script type=\"application\/ld+json\" class=\"yoast-schema-graph\">{\"@context\":\"https:\/\/schema.org\",\"@graph\":[{\"@type\":\"WebPage\",\"@id\":\"https:\/\/www.surfing.brandneu.ch\/fr\/contact\/\",\"url\":\"https:\/\/www.surfing.brandneu.ch\/fr\/contact\/\",\"name\":\"Contact - Knoppers Surf &amp; Win\",\"isPartOf\":{\"@id\":\"https:\/\/surfing.brandneu.ch\/#website\"},\"datePublished\":\"2022-02-18T08:27:02+00:00\",\"dateModified\":\"2022-03-22T14:14:34+00:00\",\"breadcrumb\":{\"@id\":\"https:\/\/www.surfing.brandneu.ch\/fr\/contact\/#breadcrumb\"},\"inLanguage\":\"fr-FR\",\"potentialAction\":[{\"@type\":\"ReadAction\",\"target\":[\"https:\/\/www.surfing.brandneu.ch\/fr\/contact\/\"]}]},{\"@type\":\"BreadcrumbList\",\"@id\":\"https:\/\/www.surfing.brandneu.ch\/fr\/contact\/#breadcrumb\",\"itemListElement\":[{\"@type\":\"ListItem\",\"position\":1,\"name\":\"Startseite\",\"item\":\"https:\/\/surfing.brandneu.ch\/fr\/\"},{\"@type\":\"ListItem\",\"position\":2,\"name\":\"Contact\"}]},{\"@type\":\"WebSite\",\"@id\":\"https:\/\/surfing.brandneu.ch\/#website\",\"url\":\"https:\/\/surfing.brandneu.ch\/\",\"name\":\"Knoppers Surf &amp; Win\",\"description\":\"\",\"potentialAction\":[{\"@type\":\"SearchAction\",\"target\":{\"@type\":\"EntryPoint\",\"urlTemplate\":\"https:\/\/surfing.brandneu.ch\/?s={search_term_string}\"},\"query-input\":\"required name=search_term_string\"}],\"inLanguage\":\"fr-FR\"}]}<\/script>\n<!-- \/ Yoast SEO plugin. -->","yoast_head_json":{"title":"Contact - Knoppers Surf &amp; Win","robots":{"index":"noindex","follow":"follow","max-snippet":"max-snippet:-1","max-image-preview":"max-image-preview:large","max-video-preview":"max-video-preview:-1"},"og_locale":"fr_FR","og_type":"article","og_title":"Contact - Knoppers Surf &amp; Win","og_description":"Contact Tu as des questions sur cette op\u00e9ration promotionnelle Knoppers ou sur le prix que tu as gagn\u00e9? Pas de probl\u00e8me! Envoie-nous un e-mail \u00e0 l\u2019adresse suivante: info@ch.storck.com","og_url":"https:\/\/www.surfing.brandneu.ch\/fr\/contact\/","og_site_name":"Knoppers Surf &amp; Win","article_modified_time":"2022-03-22T14:14:34+00:00","og_image":[{"width":2560,"height":1345,"url":"https:\/\/www.surfing.brandneu.ch\/wp-content\/uploads\/2022\/02\/0002_0547_1200x630e-scaled.jpg","type":"image\/jpeg"}],"twitter_card":"summary_large_image","schema":{"@context":"https:\/\/schema.org","@graph":[{"@type":"WebPage","@id":"https:\/\/www.surfing.brandneu.ch\/fr\/contact\/","url":"https:\/\/www.surfing.brandneu.ch\/fr\/contact\/","name":"Contact - Knoppers Surf &amp; Win","isPartOf":{"@id":"https:\/\/surfing.brandneu.ch\/#website"},"datePublished":"2022-02-18T08:27:02+00:00","dateModified":"2022-03-22T14:14:34+00:00","breadcrumb":{"@id":"https:\/\/www.surfing.brandneu.ch\/fr\/contact\/#breadcrumb"},"inLanguage":"fr-FR","potentialAction":[{"@type":"ReadAction","target":["https:\/\/www.surfing.brandneu.ch\/fr\/contact\/"]}]},{"@type":"BreadcrumbList","@id":"https:\/\/www.surfing.brandneu.ch\/fr\/contact\/#breadcrumb","itemListElement":[{"@type":"ListItem","position":1,"name":"Startseite","item":"https:\/\/surfing.brandneu.ch\/fr\/"},{"@type":"ListItem","position":2,"name":"Contact"}]},{"@type":"WebSite","@id":"https:\/\/surfing.brandneu.ch\/#website","url":"https:\/\/surfing.brandneu.ch\/","name":"Knoppers Surf &amp; Win","description":"","potentialAction":[{"@type":"SearchAction","target":{"@type":"EntryPoint","urlTemplate":"https:\/\/surfing.brandneu.ch\/?s={search_term_string}"},"query-input":"required name=search_term_string"}],"inLanguage":"fr-FR"}]}},"_links":{"self":[{"href":"https:\/\/www.surfing.brandneu.ch\/fr\/wp-json\/wp\/v2\/pages\/342"}],"collection":[{"href":"https:\/\/www.surfing.brandneu.ch\/fr\/wp-json\/wp\/v2\/pages"}],"about":[{"href":"https:\/\/www.surfing.brandneu.ch\/fr\/wp-json\/wp\/v2\/types\/page"}],"author":[{"embeddable":true,"href":"https:\/\/www.surfing.brandneu.ch\/fr\/wp-json\/wp\/v2\/users\/1"}],"replies":[{"embeddable":true,"href":"https:\/\/www.surfing.brandneu.ch\/fr\/wp-json\/wp\/v2\/comments?post=342"}],"version-history":[{"count":1,"href":"https:\/\/www.surfing.brandneu.ch\/fr\/wp-json\/wp\/v2\/pages\/342\/revisions"}],"predecessor-version":[{"id":343,"href":"https:\/\/www.surfing.brandneu.ch\/fr\/wp-json\/wp\/v2\/pages\/342\/revisions\/343"}],"wp:attachment":[{"href":"https:\/\/www.surfing.brandneu.ch\/fr\/wp-json\/wp\/v2\/media?parent=342"}],"curies":[{"name":"wp","href":"https:\/\/api.w.org\/{rel}","templated":true}]}}