{"id":340,"date":"2022-02-18T09:27:41","date_gmt":"2022-02-18T08:27:41","guid":{"rendered":"https:\/\/surf.win-fun.ch\/impressum\/"},"modified":"2022-03-22T15:39:09","modified_gmt":"2022-03-22T14:39:09","slug":"impressum","status":"publish","type":"page","link":"https:\/\/www.surfing.brandneu.ch\/fr\/impressum\/","title":{"rendered":"Impressum"},"content":{"rendered":"\n<h1 class=\"wp-block-heading\" id=\"impressum\">Impressum<\/h1>\n\n<h2 class=\"wp-block-heading\">STORCK (SCHWEIZ) GMBH<\/h2>\n\n<p class=\"has-text-align-center\">Josefstrasse 84<br\/>8005 Z\u00fcrich<br\/>Suisse<\/p>\n\n<p class=\"has-text-align-center\">T\u00e9l\u00e9phone: +41 44 27645-45<br\/>Fax: +41 44 27645-46<br\/>Adresse mail: <a href=\"mailto:info@ch.storck.com\">info@ch.storck.com<\/a><\/p>\n\n<h2 class=\"wp-block-heading\">Donn\u00e9es inscrites au registre:<\/h2>\n\n<p class=\"has-text-align-center\">registre du commerce: canton de Zurich<br\/>Num\u00e9ro d\u2019enregistrement: CHE-103.565.629<\/p>\n\n<h2 class=\"wp-block-heading\">Direction:<\/h2>\n\n<p class=\"has-text-align-center\">Thomas Huber<br\/>Roger Kuhn<br\/>Michael Zink<\/p>\n\n<h2 class=\"wp-block-heading\">Copyright:<\/h2>\n\n<p class=\"has-text-align-center\">\u00a9 Copyright 2020, AUGUST STORCK KG, Allemagne<br\/>Tous droits r\u00e9serv\u00e9s.<\/p>\n\n<p class=\"has-text-align-center\">Les contenus consultables sur notre site web sont prot\u00e9g\u00e9s par le droit de la propri\u00e9t\u00e9 intellectuelle et par d\u2019autres l\u00e9gislations protectrices. Cela vaut en particulier pour les textes, photos, graphiques, fichiers audio et vid\u00e9o, ainsi que pour leur mise en page sur le site. Sauf indication contraire, toutes les marques mentionn\u00e9es sur les sites web de Storck sont prot\u00e9g\u00e9es par le droit des marques.<\/p>\n\n<p class=\"has-text-align-center\">Toute utilisation n\u00e9cessite l\u2019accord \u00e9crit d\u2019AUGUST STORCK KG, Allemagne.<\/p>\n\n<h2 class=\"wp-block-heading\">R\u00e9alisation du site web:<\/h2>\n\n<p class=\"has-text-align-center\">Streuplan AG<br\/>Sihlquai 75<br\/>8005 Z\u00fcrich<br\/>T\u00e9l. +41 44 260 40 01<\/p>\n","protected":false},"excerpt":{"rendered":"<p>Impressum STORCK (SCHWEIZ) GMBH Josefstrasse 848005 Z\u00fcrichSuisse T\u00e9l\u00e9phone: +41 44 27645-45Fax: +41 44 27645-46Adresse mail: info@ch.storck.com Donn\u00e9es inscrites au registre: registre du commerce: canton de ZurichNum\u00e9ro d\u2019enregistrement: CHE-103.565.629 Direction: Thomas HuberRoger KuhnMichael Zink Copyright: \u00a9 Copyright 2020, AUGUST STORCK KG, AllemagneTous droits r\u00e9serv\u00e9s. Les contenus consultables sur notre site web sont prot\u00e9g\u00e9s par le droit [&hellip;]<\/p>\n","protected":false},"author":1,"featured_media":0,"parent":0,"menu_order":0,"comment_status":"closed","ping_status":"closed","template":"","meta":{"footnotes":""},"acf":[],"yoast_head":"<!-- This site is optimized with the Yoast SEO plugin v21.5 - https:\/\/yoast.com\/wordpress\/plugins\/seo\/ -->\n<title>Impressum - Knoppers Surf &amp; Win<\/title>\n<meta name=\"robots\" content=\"noindex, follow, max-snippet:-1, max-image-preview:large, max-video-preview:-1\" \/>\n<meta property=\"og:locale\" content=\"fr_FR\" \/>\n<meta property=\"og:type\" content=\"article\" \/>\n<meta property=\"og:title\" content=\"Impressum - Knoppers Surf &amp; Win\" \/>\n<meta property=\"og:description\" content=\"Impressum STORCK (SCHWEIZ) GMBH Josefstrasse 848005 Z\u00fcrichSuisse T\u00e9l\u00e9phone: +41 44 27645-45Fax: +41 44 27645-46Adresse mail: info@ch.storck.com Donn\u00e9es inscrites au registre: registre du commerce: canton de ZurichNum\u00e9ro d\u2019enregistrement: CHE-103.565.629 Direction: Thomas HuberRoger KuhnMichael Zink Copyright: \u00a9 Copyright 2020, AUGUST STORCK KG, AllemagneTous droits r\u00e9serv\u00e9s. Les contenus consultables sur notre site web sont prot\u00e9g\u00e9s par le droit [&hellip;]\" \/>\n<meta property=\"og:url\" content=\"https:\/\/www.surfing.brandneu.ch\/fr\/impressum\/\" \/>\n<meta property=\"og:site_name\" content=\"Knoppers Surf &amp; Win\" \/>\n<meta property=\"article:modified_time\" content=\"2022-03-22T14:39:09+00:00\" \/>\n<meta property=\"og:image\" content=\"https:\/\/www.surfing.brandneu.ch\/wp-content\/uploads\/2022\/02\/0002_0547_1200x630e-scaled.jpg\" \/>\n\t<meta property=\"og:image:width\" content=\"2560\" \/>\n\t<meta property=\"og:image:height\" content=\"1345\" \/>\n\t<meta property=\"og:image:type\" content=\"image\/jpeg\" \/>\n<meta name=\"twitter:card\" content=\"summary_large_image\" \/>\n<meta name=\"twitter:label1\" content=\"Dur\u00e9e de lecture estim\u00e9e\" \/>\n\t<meta name=\"twitter:data1\" content=\"1 minute\" \/>\n<script type=\"application\/ld+json\" class=\"yoast-schema-graph\">{\"@context\":\"https:\/\/schema.org\",\"@graph\":[{\"@type\":\"WebPage\",\"@id\":\"https:\/\/www.surfing.brandneu.ch\/fr\/impressum\/\",\"url\":\"https:\/\/www.surfing.brandneu.ch\/fr\/impressum\/\",\"name\":\"Impressum - Knoppers Surf &amp; Win\",\"isPartOf\":{\"@id\":\"https:\/\/surfing.brandneu.ch\/#website\"},\"datePublished\":\"2022-02-18T08:27:41+00:00\",\"dateModified\":\"2022-03-22T14:39:09+00:00\",\"breadcrumb\":{\"@id\":\"https:\/\/www.surfing.brandneu.ch\/fr\/impressum\/#breadcrumb\"},\"inLanguage\":\"fr-FR\",\"potentialAction\":[{\"@type\":\"ReadAction\",\"target\":[\"https:\/\/www.surfing.brandneu.ch\/fr\/impressum\/\"]}]},{\"@type\":\"BreadcrumbList\",\"@id\":\"https:\/\/www.surfing.brandneu.ch\/fr\/impressum\/#breadcrumb\",\"itemListElement\":[{\"@type\":\"ListItem\",\"position\":1,\"name\":\"Startseite\",\"item\":\"https:\/\/surfing.brandneu.ch\/fr\/\"},{\"@type\":\"ListItem\",\"position\":2,\"name\":\"Impressum\"}]},{\"@type\":\"WebSite\",\"@id\":\"https:\/\/surfing.brandneu.ch\/#website\",\"url\":\"https:\/\/surfing.brandneu.ch\/\",\"name\":\"Knoppers Surf &amp; Win\",\"description\":\"\",\"potentialAction\":[{\"@type\":\"SearchAction\",\"target\":{\"@type\":\"EntryPoint\",\"urlTemplate\":\"https:\/\/surfing.brandneu.ch\/?s={search_term_string}\"},\"query-input\":\"required name=search_term_string\"}],\"inLanguage\":\"fr-FR\"}]}<\/script>\n<!-- \/ Yoast SEO plugin. -->","yoast_head_json":{"title":"Impressum - Knoppers Surf &amp; Win","robots":{"index":"noindex","follow":"follow","max-snippet":"max-snippet:-1","max-image-preview":"max-image-preview:large","max-video-preview":"max-video-preview:-1"},"og_locale":"fr_FR","og_type":"article","og_title":"Impressum - Knoppers Surf &amp; Win","og_description":"Impressum STORCK (SCHWEIZ) GMBH Josefstrasse 848005 Z\u00fcrichSuisse T\u00e9l\u00e9phone: +41 44 27645-45Fax: +41 44 27645-46Adresse mail: info@ch.storck.com Donn\u00e9es inscrites au registre: registre du commerce: canton de ZurichNum\u00e9ro d\u2019enregistrement: CHE-103.565.629 Direction: Thomas HuberRoger KuhnMichael Zink Copyright: \u00a9 Copyright 2020, AUGUST STORCK KG, AllemagneTous droits r\u00e9serv\u00e9s. Les contenus consultables sur notre site web sont prot\u00e9g\u00e9s par le droit [&hellip;]","og_url":"https:\/\/www.surfing.brandneu.ch\/fr\/impressum\/","og_site_name":"Knoppers Surf &amp; Win","article_modified_time":"2022-03-22T14:39:09+00:00","og_image":[{"width":2560,"height":1345,"url":"https:\/\/www.surfing.brandneu.ch\/wp-content\/uploads\/2022\/02\/0002_0547_1200x630e-scaled.jpg","type":"image\/jpeg"}],"twitter_card":"summary_large_image","twitter_misc":{"Dur\u00e9e de lecture estim\u00e9e":"1 minute"},"schema":{"@context":"https:\/\/schema.org","@graph":[{"@type":"WebPage","@id":"https:\/\/www.surfing.brandneu.ch\/fr\/impressum\/","url":"https:\/\/www.surfing.brandneu.ch\/fr\/impressum\/","name":"Impressum - Knoppers Surf &amp; Win","isPartOf":{"@id":"https:\/\/surfing.brandneu.ch\/#website"},"datePublished":"2022-02-18T08:27:41+00:00","dateModified":"2022-03-22T14:39:09+00:00","breadcrumb":{"@id":"https:\/\/www.surfing.brandneu.ch\/fr\/impressum\/#breadcrumb"},"inLanguage":"fr-FR","potentialAction":[{"@type":"ReadAction","target":["https:\/\/www.surfing.brandneu.ch\/fr\/impressum\/"]}]},{"@type":"BreadcrumbList","@id":"https:\/\/www.surfing.brandneu.ch\/fr\/impressum\/#breadcrumb","itemListElement":[{"@type":"ListItem","position":1,"name":"Startseite","item":"https:\/\/surfing.brandneu.ch\/fr\/"},{"@type":"ListItem","position":2,"name":"Impressum"}]},{"@type":"WebSite","@id":"https:\/\/surfing.brandneu.ch\/#website","url":"https:\/\/surfing.brandneu.ch\/","name":"Knoppers Surf &amp; Win","description":"","potentialAction":[{"@type":"SearchAction","target":{"@type":"EntryPoint","urlTemplate":"https:\/\/surfing.brandneu.ch\/?s={search_term_string}"},"query-input":"required name=search_term_string"}],"inLanguage":"fr-FR"}]}},"_links":{"self":[{"href":"https:\/\/www.surfing.brandneu.ch\/fr\/wp-json\/wp\/v2\/pages\/340"}],"collection":[{"href":"https:\/\/www.surfing.brandneu.ch\/fr\/wp-json\/wp\/v2\/pages"}],"about":[{"href":"https:\/\/www.surfing.brandneu.ch\/fr\/wp-json\/wp\/v2\/types\/page"}],"author":[{"embeddable":true,"href":"https:\/\/www.surfing.brandneu.ch\/fr\/wp-json\/wp\/v2\/users\/1"}],"replies":[{"embeddable":true,"href":"https:\/\/www.surfing.brandneu.ch\/fr\/wp-json\/wp\/v2\/comments?post=340"}],"version-history":[{"count":2,"href":"https:\/\/www.surfing.brandneu.ch\/fr\/wp-json\/wp\/v2\/pages\/340\/revisions"}],"predecessor-version":[{"id":350,"href":"https:\/\/www.surfing.brandneu.ch\/fr\/wp-json\/wp\/v2\/pages\/340\/revisions\/350"}],"wp:attachment":[{"href":"https:\/\/www.surfing.brandneu.ch\/fr\/wp-json\/wp\/v2\/media?parent=340"}],"curies":[{"name":"wp","href":"https:\/\/api.w.org\/{rel}","templated":true}]}}